{"id":881,"date":"2023-07-22T15:26:58","date_gmt":"2023-07-22T15:26:58","guid":{"rendered":"http:\/\/localhost:8888\/?page_id=881"},"modified":"2024-03-17T19:14:12","modified_gmt":"2024-03-17T19:14:12","slug":"services","status":"publish","type":"page","link":"https:\/\/www.millabel.de\/?page_id=881","title":{"rendered":"Leistungen"},"content":{"rendered":"\t\t<div data-elementor-type=\"wp-page\" data-elementor-id=\"881\" class=\"elementor elementor-881\">\n\t\t\t\t\t\t<section class=\"elementor-section elementor-top-section elementor-element elementor-element-16e0178 elementor-section-full_width elementor-section-height-default elementor-section-height-default\" data-id=\"16e0178\" data-element_type=\"section\">\n\t\t\t\t\t\t<div class=\"elementor-container elementor-column-gap-no\">\n\t\t\t\t\t<div class=\"elementor-column elementor-col-100 elementor-top-column elementor-element elementor-element-6f36547\" data-id=\"6f36547\" data-element_type=\"column\">\n\t\t\t<div class=\"elementor-widget-wrap elementor-element-populated\">\n\t\t\t\t\t\t<div class=\"elementor-element elementor-element-e6e1ffa elementor-widget elementor-widget-lettery-intro\" data-id=\"e6e1ffa\" data-element_type=\"widget\" data-widget_type=\"lettery-intro.default\">\n\t\t\t\t<div class=\"elementor-widget-container\">\n\t\t\t\n\t\t<!-- intro -->\n\t\t<div class=\"mil-small-banner\">\n\t\t\t<div class=\"mil-image-frame\">\n\t\t\t\t<!-- banner image -->\n\t\t\t\t\t\t\t\t<img decoding=\"async\" src=\"https:\/\/www.millabel.de\/wp-content\/uploads\/2023\/09\/backgdound_design.png\" alt=\"\" class=\"mil-scale-img\" data-value-1=\".5\" data-value-2=\"1.2\" \/>\n\t\t\t\t\t\t\t\t<div class=\"mil-gradient-overlay-reverse\"><\/div>\n\t\t\t<\/div>\n\t\t<\/div>\n\n\t\t<div class=\"mil-spacer\"><\/div>\n\t\t<!-- intro end -->\n\n\t\t\t\t<\/div>\n\t\t\t\t<\/div>\n\t\t\t\t\t<\/div>\n\t\t<\/div>\n\t\t\t\t\t<\/div>\n\t\t<\/section>\n\t\t\t\t<section class=\"elementor-section elementor-top-section elementor-element elementor-element-3ad919a elementor-section-boxed elementor-section-height-default elementor-section-height-default\" data-id=\"3ad919a\" data-element_type=\"section\">\n\t\t\t\t\t\t<div class=\"elementor-container elementor-column-gap-default\">\n\t\t\t\t\t<div class=\"elementor-column elementor-col-100 elementor-top-column elementor-element elementor-element-b26525e\" data-id=\"b26525e\" data-element_type=\"column\">\n\t\t\t<div class=\"elementor-widget-wrap elementor-element-populated\">\n\t\t\t\t\t\t<section class=\"elementor-section elementor-inner-section elementor-element elementor-element-25fcb00 elementor-section-full_width elementor-section-height-default elementor-section-height-default\" data-id=\"25fcb00\" data-element_type=\"section\">\n\t\t\t\t\t\t<div class=\"elementor-container elementor-column-gap-no\">\n\t\t\t\t\t<div class=\"elementor-column elementor-col-50 elementor-inner-column elementor-element elementor-element-c8488d7\" data-id=\"c8488d7\" data-element_type=\"column\">\n\t\t\t<div class=\"elementor-widget-wrap elementor-element-populated\">\n\t\t\t\t\t\t<div class=\"elementor-element elementor-element-17882cc elementor-widget elementor-widget-lettery-about-us\" data-id=\"17882cc\" data-element_type=\"widget\" data-widget_type=\"lettery-about-us.default\">\n\t\t\t\t<div class=\"elementor-widget-container\">\n\t\t\t\n\t\t\t\t<span class=\"mil-link mil-softened-60 mil-appearance mil-mb-30\">\n\t\t\t<span >\n\t\t\t\tLeistungen\t\t\t<\/span>\n\t\t<\/span>\n\t\t\n\t\t\t\t<h3 class=\"mil-h3 mil-title-el mil-appearance mil-mb-30\">\n\t\t\t<span >\n\t\t\t\tKreative Mediengestaltung f\u00fcr Ihre Marke\t\t\t<\/span>\n\t\t<\/h3>\n\t\t\n\t\t\t\t<\/div>\n\t\t\t\t<\/div>\n\t\t\t\t<div class=\"elementor-element elementor-element-0baa062 elementor-widget elementor-widget-lettery-description\" data-id=\"0baa062\" data-element_type=\"widget\" data-widget_type=\"lettery-description.default\">\n\t\t\t\t<div class=\"elementor-widget-container\">\n\t\t\t\n\t\t\t\t<div class=\"mil-text mil-appearance mil-mb-30\">\n\t\t\t<div >\n\t\t\t\t<p>Von der Gestaltung \u00e4sthetischer und benutzerfreundlicher Websites bis hin zur Entwicklung beeindruckender Grafiken, Logos und Corporate Designs - ich biete ma\u00dfgeschneiderte L\u00f6sungen, die Ihre Marke zum Leben erwecken. Dar\u00fcber hinaus unterst\u00fctze ich Sie gerne bei der Konzeption und Umsetzung wirkungsvoller Werbemittel, die Ihre Zielgruppe ansprechen und beeindrucken. Lassen Sie uns gemeinsam Ihre Vision verwirklichen und Ihre Marke zum Erfolg f\u00fchren.<\/p>\t\t\t<\/div>\n\t\t<\/div>\n\t\t\n\t\t\t\t<\/div>\n\t\t\t\t<\/div>\n\t\t\t\t<div class=\"elementor-element elementor-element-24e97e8 elementor-widget-divider--view-line elementor-widget elementor-widget-divider\" data-id=\"24e97e8\" data-element_type=\"widget\" data-widget_type=\"divider.default\">\n\t\t\t\t<div class=\"elementor-widget-container\">\n\t\t\t<style>\/*! elementor - v3.20.0 - 11-03-2024 *\/\n.elementor-widget-divider{--divider-border-style:none;--divider-border-width:1px;--divider-color:#0c0d0e;--divider-icon-size:20px;--divider-element-spacing:10px;--divider-pattern-height:24px;--divider-pattern-size:20px;--divider-pattern-url:none;--divider-pattern-repeat:repeat-x}.elementor-widget-divider .elementor-divider{display:flex}.elementor-widget-divider .elementor-divider__text{font-size:15px;line-height:1;max-width:95%}.elementor-widget-divider .elementor-divider__element{margin:0 var(--divider-element-spacing);flex-shrink:0}.elementor-widget-divider .elementor-icon{font-size:var(--divider-icon-size)}.elementor-widget-divider .elementor-divider-separator{display:flex;margin:0;direction:ltr}.elementor-widget-divider--view-line_icon .elementor-divider-separator,.elementor-widget-divider--view-line_text .elementor-divider-separator{align-items:center}.elementor-widget-divider--view-line_icon .elementor-divider-separator:after,.elementor-widget-divider--view-line_icon .elementor-divider-separator:before,.elementor-widget-divider--view-line_text .elementor-divider-separator:after,.elementor-widget-divider--view-line_text .elementor-divider-separator:before{display:block;content:\"\";border-block-end:0;flex-grow:1;border-block-start:var(--divider-border-width) var(--divider-border-style) var(--divider-color)}.elementor-widget-divider--element-align-left .elementor-divider .elementor-divider-separator>.elementor-divider__svg:first-of-type{flex-grow:0;flex-shrink:100}.elementor-widget-divider--element-align-left .elementor-divider-separator:before{content:none}.elementor-widget-divider--element-align-left .elementor-divider__element{margin-left:0}.elementor-widget-divider--element-align-right .elementor-divider .elementor-divider-separator>.elementor-divider__svg:last-of-type{flex-grow:0;flex-shrink:100}.elementor-widget-divider--element-align-right .elementor-divider-separator:after{content:none}.elementor-widget-divider--element-align-right .elementor-divider__element{margin-right:0}.elementor-widget-divider--element-align-start .elementor-divider .elementor-divider-separator>.elementor-divider__svg:first-of-type{flex-grow:0;flex-shrink:100}.elementor-widget-divider--element-align-start .elementor-divider-separator:before{content:none}.elementor-widget-divider--element-align-start .elementor-divider__element{margin-inline-start:0}.elementor-widget-divider--element-align-end .elementor-divider .elementor-divider-separator>.elementor-divider__svg:last-of-type{flex-grow:0;flex-shrink:100}.elementor-widget-divider--element-align-end .elementor-divider-separator:after{content:none}.elementor-widget-divider--element-align-end .elementor-divider__element{margin-inline-end:0}.elementor-widget-divider:not(.elementor-widget-divider--view-line_text):not(.elementor-widget-divider--view-line_icon) .elementor-divider-separator{border-block-start:var(--divider-border-width) var(--divider-border-style) var(--divider-color)}.elementor-widget-divider--separator-type-pattern{--divider-border-style:none}.elementor-widget-divider--separator-type-pattern.elementor-widget-divider--view-line .elementor-divider-separator,.elementor-widget-divider--separator-type-pattern:not(.elementor-widget-divider--view-line) .elementor-divider-separator:after,.elementor-widget-divider--separator-type-pattern:not(.elementor-widget-divider--view-line) .elementor-divider-separator:before,.elementor-widget-divider--separator-type-pattern:not([class*=elementor-widget-divider--view]) .elementor-divider-separator{width:100%;min-height:var(--divider-pattern-height);-webkit-mask-size:var(--divider-pattern-size) 100%;mask-size:var(--divider-pattern-size) 100%;-webkit-mask-repeat:var(--divider-pattern-repeat);mask-repeat:var(--divider-pattern-repeat);background-color:var(--divider-color);-webkit-mask-image:var(--divider-pattern-url);mask-image:var(--divider-pattern-url)}.elementor-widget-divider--no-spacing{--divider-pattern-size:auto}.elementor-widget-divider--bg-round{--divider-pattern-repeat:round}.rtl .elementor-widget-divider .elementor-divider__text{direction:rtl}.e-con-inner>.elementor-widget-divider,.e-con>.elementor-widget-divider{width:var(--container-widget-width,100%);--flex-grow:var(--container-widget-flex-grow)}<\/style>\t\t<div class=\"elementor-divider\">\n\t\t\t<span class=\"elementor-divider-separator\">\n\t\t\t\t\t\t<\/span>\n\t\t<\/div>\n\t\t\t\t<\/div>\n\t\t\t\t<\/div>\n\t\t\t\t\t<\/div>\n\t\t<\/div>\n\t\t\t\t<div class=\"elementor-column elementor-col-50 elementor-inner-column elementor-element elementor-element-e5bd60a\" data-id=\"e5bd60a\" data-element_type=\"column\">\n\t\t\t<div class=\"elementor-widget-wrap elementor-element-populated\">\n\t\t\t\t\t\t<div class=\"elementor-element elementor-element-9395a7f elementor-widget elementor-widget-lettery-services-grid\" data-id=\"9395a7f\" data-element_type=\"widget\" data-widget_type=\"lettery-services-grid.default\">\n\t\t\t\t<div class=\"elementor-widget-container\">\n\t\t\t\n\t\t<!-- services -->\n\t\t\t\t<div class=\"row\">\n\t\t\t\t\t\t<div class=\"col-lg-6 col-md-6 col-sm-12\">\n\n\t\t\t\t<!-- service card -->\n\t\t\t\t<a href=\"\/?services=corporate-design\" class=\"mil-service-card mil-appearance mil-icon-2-trigger mil-mb-30\">\n\t\t\t\t\t<div class=\"mil-card-content\">\n\t\t\t\t\t\t\t\t\t\t\t\t<!-- icon -->\n\t\t\t\t\t\t<img decoding=\"async\" src=\"https:\/\/www.millabel.de\/wp-content\/uploads\/2023\/09\/corporate.png\" alt=\"Corporate Design\" class=\"mil-card-icon\" \/>\n\t\t\t\t\t\t\t\t\t\t\t\t<div>\n\t\t\t\t\t\t\t<!-- text -->\n\t\t\t\t\t\t\t\t\t\t\t\t\t\t<h5 class=\"mil-mb-10\">\n\t\t\t\t\t\t\t\t<span >\n\t\t\t\t\t\t\t\t\tCorporate Design\t\t\t\t\t\t\t\t<\/span>\n\t\t\t\t\t\t\t<\/h5>\n\t\t\t\t\t\t\t\t\t\t\t\t\t\t\t\t\t\t\t\t\t<p class=\"mil-softened-40\">\n\t\t\t\t\t\t\t\t<span >\n\t\t\t\t\t\t\t\t\tFarben, Formen, Bilder\t\t\t\t\t\t\t\t<\/span>\n\t\t\t\t\t\t\t<\/p>\n\t\t\t\t\t\t\t\t\t\t\t\t\t<\/div>\n\t\t\t\t\t<\/div>\n\t\t\t\t<\/a>\n\t\t\t\t<!-- service card end -->\n\n\t\t\t<\/div>\n\t\t\t\t\t\t<div class=\"col-lg-6 col-md-6 col-sm-12\">\n\n\t\t\t\t<!-- service card -->\n\t\t\t\t<a href=\"\/?services=webdesign\" class=\"mil-service-card mil-appearance mil-icon-2-trigger mil-mb-30\">\n\t\t\t\t\t<div class=\"mil-card-content\">\n\t\t\t\t\t\t\t\t\t\t\t\t<!-- icon -->\n\t\t\t\t\t\t<img decoding=\"async\" src=\"https:\/\/www.millabel.de\/wp-content\/uploads\/2023\/09\/grafikdesign.png\" alt=\"Webdesign\" class=\"mil-card-icon\" \/>\n\t\t\t\t\t\t\t\t\t\t\t\t<div>\n\t\t\t\t\t\t\t<!-- text -->\n\t\t\t\t\t\t\t\t\t\t\t\t\t\t<h5 class=\"mil-mb-10\">\n\t\t\t\t\t\t\t\t<span >\n\t\t\t\t\t\t\t\t\tWebdesign\t\t\t\t\t\t\t\t<\/span>\n\t\t\t\t\t\t\t<\/h5>\n\t\t\t\t\t\t\t\t\t\t\t\t\t\t\t\t\t\t\t\t\t<p class=\"mil-softened-40\">\n\t\t\t\t\t\t\t\t<span >\n\t\t\t\t\t\t\t\t\tWebseiten, Blogs, Social Media\t\t\t\t\t\t\t\t<\/span>\n\t\t\t\t\t\t\t<\/p>\n\t\t\t\t\t\t\t\t\t\t\t\t\t<\/div>\n\t\t\t\t\t<\/div>\n\t\t\t\t<\/a>\n\t\t\t\t<!-- service card end -->\n\n\t\t\t<\/div>\n\t\t\t\t\t\t<div class=\"col-lg-6 col-md-6 col-sm-12\">\n\n\t\t\t\t<!-- service card -->\n\t\t\t\t<a href=\"\/?services=grafikdesign\" class=\"mil-service-card mil-appearance mil-icon-2-trigger mil-mb-30\">\n\t\t\t\t\t<div class=\"mil-card-content\">\n\t\t\t\t\t\t\t\t\t\t\t\t<!-- icon -->\n\t\t\t\t\t\t<img decoding=\"async\" src=\"https:\/\/www.millabel.de\/wp-content\/uploads\/2023\/09\/stiftwerkzeug.png\" alt=\"Grafikdesign\" class=\"mil-card-icon\" \/>\n\t\t\t\t\t\t\t\t\t\t\t\t<div>\n\t\t\t\t\t\t\t<!-- text -->\n\t\t\t\t\t\t\t\t\t\t\t\t\t\t<h5 class=\"mil-mb-10\">\n\t\t\t\t\t\t\t\t<span >\n\t\t\t\t\t\t\t\t\tGrafikdesign\t\t\t\t\t\t\t\t<\/span>\n\t\t\t\t\t\t\t<\/h5>\n\t\t\t\t\t\t\t\t\t\t\t\t\t\t\t\t\t\t\t\t\t<p class=\"mil-softened-40\">\n\t\t\t\t\t\t\t\t<span >\n\t\t\t\t\t\t\t\t\tGrafik und Illustration\t\t\t\t\t\t\t\t<\/span>\n\t\t\t\t\t\t\t<\/p>\n\t\t\t\t\t\t\t\t\t\t\t\t\t<\/div>\n\t\t\t\t\t<\/div>\n\t\t\t\t<\/a>\n\t\t\t\t<!-- service card end -->\n\n\t\t\t<\/div>\n\t\t\t\t\t\t<div class=\"col-lg-6 col-md-6 col-sm-12\">\n\n\t\t\t\t<!-- service card -->\n\t\t\t\t<a href=\"\/?services=werbemittel\" class=\"mil-service-card mil-appearance mil-icon-2-trigger mil-mb-30\">\n\t\t\t\t\t<div class=\"mil-card-content\">\n\t\t\t\t\t\t\t\t\t\t\t\t<!-- icon -->\n\t\t\t\t\t\t<img decoding=\"async\" src=\"https:\/\/www.millabel.de\/wp-content\/uploads\/2023\/09\/logo-design.png\" alt=\"Werbemittel\" class=\"mil-card-icon\" \/>\n\t\t\t\t\t\t\t\t\t\t\t\t<div>\n\t\t\t\t\t\t\t<!-- text -->\n\t\t\t\t\t\t\t\t\t\t\t\t\t\t<h5 class=\"mil-mb-10\">\n\t\t\t\t\t\t\t\t<span >\n\t\t\t\t\t\t\t\t\tWerbemittel\t\t\t\t\t\t\t\t<\/span>\n\t\t\t\t\t\t\t<\/h5>\n\t\t\t\t\t\t\t\t\t\t\t\t\t\t\t\t\t\t\t\t\t<p class=\"mil-softened-40\">\n\t\t\t\t\t\t\t\t<span >\n\t\t\t\t\t\t\t\t\tMerchandising-Materialien\t\t\t\t\t\t\t\t<\/span>\n\t\t\t\t\t\t\t<\/p>\n\t\t\t\t\t\t\t\t\t\t\t\t\t<\/div>\n\t\t\t\t\t<\/div>\n\t\t\t\t<\/a>\n\t\t\t\t<!-- service card end -->\n\n\t\t\t<\/div>\n\t\t\t\t\t<\/div>\n\t\t        <!-- services end -->\n\n\t\t\t\t<\/div>\n\t\t\t\t<\/div>\n\t\t\t\t\t<\/div>\n\t\t<\/div>\n\t\t\t\t\t<\/div>\n\t\t<\/section>\n\t\t\t\t\t<\/div>\n\t\t<\/div>\n\t\t\t\t\t<\/div>\n\t\t<\/section>\n\t\t\t\t<section class=\"elementor-section elementor-top-section elementor-element elementor-element-cfc3ba7 elementor-section-full_width elementor-section-height-default elementor-section-height-default\" data-id=\"cfc3ba7\" data-element_type=\"section\">\n\t\t\t\t\t\t<div class=\"elementor-container elementor-column-gap-no\">\n\t\t\t\t\t<div class=\"elementor-column elementor-col-100 elementor-top-column elementor-element elementor-element-0048ae6\" data-id=\"0048ae6\" data-element_type=\"column\">\n\t\t\t<div class=\"elementor-widget-wrap elementor-element-populated\">\n\t\t\t\t\t\t<div class=\"elementor-element elementor-element-34b017f elementor-widget elementor-widget-lettery-cta\" data-id=\"34b017f\" data-element_type=\"widget\" data-widget_type=\"lettery-cta.default\">\n\t\t\t\t<div class=\"elementor-widget-container\">\n\t\t\t\n\t\t<div class=\"mil-gray-bg\">\n\t\t\t<div class=\"container mil-p-60-30\">\n\t\t\t\t<div class=\"row align-items-center\">\n\t\t\t\t\t<div class=\"col-lg-9 mil-mb-30\">\n\t\t\t\t\t\t\t\t\t\t\t\t<h4 class=\"mil-buttons-space\">\n\t\t\t\t\t\t\t<span >\n\t\t\t\t\t\t\t\tSie haben einen ersten Eindruck verschafft und sind neugierig oder haben noch weitere Fragen an mich?\t\t\t\t\t\t\t<\/span>\n\t\t\t\t\t\t<\/h4>\n\t\t\t\t\t\t\t\t\t\t\t<\/div>\n\t\t\t\t\t<div class=\"col-lg-3 mil-mb-30\">\n\t\t\t\t\t\t\t\t\t\t\t\t<a href=\"\/?page_id=1505\" class=\"mil-float-right mil-button mil-button-lg mil-button-dark mil-scale-down-trigger mil-accent-trigger\">\n\t\t\t\t\t\t\t<span >\n\t\t\t\t\t\t\t\tJetzt kontaktieren\t\t\t\t\t\t\t<\/span>\n\t\t\t\t\t\t<\/a>\n\t\t\t\t\t\t\t\t\t\t\t<\/div>\n\t\t\t\t<\/div>\n\t\t\t<\/div>\n\t\t<\/div>\n\n\t\t\t\t<\/div>\n\t\t\t\t<\/div>\n\t\t\t\t\t<\/div>\n\t\t<\/div>\n\t\t\t\t\t<\/div>\n\t\t<\/section>\n\t\t\t\t<\/div>\n\t\t","protected":false},"excerpt":{"rendered":"<p>Leistungen Kreative Mediengestaltung f\u00fcr Ihre Marke Von der Gestaltung \u00e4sthetischer und benutzerfreundlicher Websites bis hin zur Entwicklung beeindruckender Grafiken, Logos.. <span class=\"mil-el-more\"><a href=\"https:\/\/www.millabel.de\/?page_id=881\" class=\"mil-button mil-button-lg\"><span>Read more<\/span><\/a><\/span><\/p>\n","protected":false},"author":1,"featured_media":0,"parent":0,"menu_order":0,"comment_status":"closed","ping_status":"closed","template":"template-layout-builder.php","meta":{"_monsterinsights_skip_tracking":false,"_monsterinsights_sitenote_active":false,"_monsterinsights_sitenote_note":"","_monsterinsights_sitenote_category":0,"footnotes":""},"class_list":["post-881","page","type-page","status-publish","hentry"],"acf":[],"aioseo_notices":[],"_links":{"self":[{"href":"https:\/\/www.millabel.de\/index.php?rest_route=\/wp\/v2\/pages\/881","targetHints":{"allow":["GET"]}}],"collection":[{"href":"https:\/\/www.millabel.de\/index.php?rest_route=\/wp\/v2\/pages"}],"about":[{"href":"https:\/\/www.millabel.de\/index.php?rest_route=\/wp\/v2\/types\/page"}],"author":[{"embeddable":true,"href":"https:\/\/www.millabel.de\/index.php?rest_route=\/wp\/v2\/users\/1"}],"replies":[{"embeddable":true,"href":"https:\/\/www.millabel.de\/index.php?rest_route=%2Fwp%2Fv2%2Fcomments&post=881"}],"version-history":[{"count":11,"href":"https:\/\/www.millabel.de\/index.php?rest_route=\/wp\/v2\/pages\/881\/revisions"}],"predecessor-version":[{"id":2698,"href":"https:\/\/www.millabel.de\/index.php?rest_route=\/wp\/v2\/pages\/881\/revisions\/2698"}],"wp:attachment":[{"href":"https:\/\/www.millabel.de\/index.php?rest_route=%2Fwp%2Fv2%2Fmedia&parent=881"}],"curies":[{"name":"wp","href":"https:\/\/api.w.org\/{rel}","templated":true}]}}