{"id":1847,"date":"2023-05-16T11:00:16","date_gmt":"2023-05-16T11:00:16","guid":{"rendered":"https:\/\/lettery-demo.bslthemes.com\/?page_id=3"},"modified":"2024-02-29T20:21:56","modified_gmt":"2024-02-29T20:21:56","slug":"privacy-policy-2","status":"publish","type":"page","link":"https:\/\/www.millabel.de\/?page_id=1847","title":{"rendered":"Datenschutzerkl\u00e4rung"},"content":{"rendered":"\n<p>Vielen Dank f\u00fcr Ihren Besuch auf unserer Website. Der Schutz Ihrer pers\u00f6nlichen Daten ist uns wichtig. Nachfolgend m\u00f6chten wir Sie dar\u00fcber informieren, welche Daten w\u00e4hrend Ihres Besuchs auf unserer Website erfasst und wie diese genutzt werden.<\/p>\n\n\n\n<p><strong>1. Erfassung von personenbezogenen Daten<\/strong><\/p>\n\n\n\n<p>Wenn Sie unser Kontaktformular nutzen, um mit uns in Kontakt zu treten, erfassen wir die folgenden personenbezogenen Daten:<\/p>\n\n\n\n<ul class=\"wp-block-list\">\n<li>Name<\/li>\n\n\n\n<li>E-Mail-Adresse<\/li>\n\n\n\n<li>Nachricht (optional)<\/li>\n<\/ul>\n\n\n\n<p><strong>2. Nutzung Ihrer Daten<\/strong><\/p>\n\n\n\n<p>Die von Ihnen \u00fcber das Kontaktformular bereitgestellten Daten werden ausschlie\u00dflich zur Bearbeitung Ihrer Anfrage verwendet. Wir nutzen Ihre Daten nicht f\u00fcr andere Zwecke und geben sie nicht ohne Ihre Einwilligung an Dritte weiter.<\/p>\n\n\n\n<p><strong>3. Speicherung Ihrer Daten<\/strong><\/p>\n\n\n\n<p>Die \u00fcber das Kontaktformular erfassten Daten werden auf unserem sicheren Server gespeichert. Wir treffen angemessene technische und organisatorische Ma\u00dfnahmen, um Ihre Daten vor Verlust, Missbrauch oder unbefugtem Zugriff zu sch\u00fctzen.<\/p>\n\n\n\n<p><strong>4. Ihre Rechte<\/strong><\/p>\n\n\n\n<p>Sie haben das Recht, jederzeit Auskunft \u00fcber die bei uns gespeicherten Daten zu erhalten sowie die Berichtigung, L\u00f6schung oder Sperrung Ihrer Daten zu verlangen. Bitte kontaktieren Sie uns dazu \u00fcber die in unserem Impressum angegebene E-Mail-Adresse.<\/p>\n\n\n\n<p><strong>5. \u00c4nderungen dieser Datenschutzerkl\u00e4rung<\/strong><\/p>\n\n\n\n<p>Wir behalten uns das Recht vor, diese Datenschutzerkl\u00e4rung jederzeit und ohne Vorank\u00fcndigung zu \u00e4ndern. Bitte \u00fcberpr\u00fcfen Sie regelm\u00e4\u00dfig unsere Datenschutzerkl\u00e4rung, um \u00fcber etwaige \u00c4nderungen informiert zu bleiben.<\/p>\n\n\n\n<p><strong>6. Kontakt<\/strong><\/p>\n\n\n\n<p>Wenn Sie Fragen oder Bedenken bez\u00fcglich dieser Datenschutzerkl\u00e4rung haben, k\u00f6nnen Sie sich gerne \u00fcber das Kontaktformular oder per E-Mail an uns wenden.<\/p>\n","protected":false},"excerpt":{"rendered":"<p>Vielen Dank f\u00fcr Ihren Besuch auf unserer Website. Der Schutz Ihrer pers\u00f6nlichen Daten ist uns wichtig. Nachfolgend m\u00f6chten wir Sie.. <span class=\"mil-el-more\"><a href=\"https:\/\/www.millabel.de\/?page_id=1847\" class=\"mil-button mil-button-lg\"><span>Read more<\/span><\/a><\/span><\/p>\n","protected":false},"author":1,"featured_media":0,"parent":0,"menu_order":0,"comment_status":"closed","ping_status":"closed","template":"","meta":{"_monsterinsights_skip_tracking":false,"_monsterinsights_sitenote_active":false,"_monsterinsights_sitenote_note":"","_monsterinsights_sitenote_category":0,"footnotes":""},"class_list":["post-1847","page","type-page","status-publish","hentry"],"acf":[],"aioseo_notices":[],"_links":{"self":[{"href":"https:\/\/www.millabel.de\/index.php?rest_route=\/wp\/v2\/pages\/1847","targetHints":{"allow":["GET"]}}],"collection":[{"href":"https:\/\/www.millabel.de\/index.php?rest_route=\/wp\/v2\/pages"}],"about":[{"href":"https:\/\/www.millabel.de\/index.php?rest_route=\/wp\/v2\/types\/page"}],"author":[{"embeddable":true,"href":"https:\/\/www.millabel.de\/index.php?rest_route=\/wp\/v2\/users\/1"}],"replies":[{"embeddable":true,"href":"https:\/\/www.millabel.de\/index.php?rest_route=%2Fwp%2Fv2%2Fcomments&post=1847"}],"version-history":[{"count":2,"href":"https:\/\/www.millabel.de\/index.php?rest_route=\/wp\/v2\/pages\/1847\/revisions"}],"predecessor-version":[{"id":2546,"href":"https:\/\/www.millabel.de\/index.php?rest_route=\/wp\/v2\/pages\/1847\/revisions\/2546"}],"wp:attachment":[{"href":"https:\/\/www.millabel.de\/index.php?rest_route=%2Fwp%2Fv2%2Fmedia&parent=1847"}],"curies":[{"name":"wp","href":"https:\/\/api.w.org\/{rel}","templated":true}]}}